{"id":19,"date":"2023-08-07T20:07:34","date_gmt":"2023-08-07T18:07:34","guid":{"rendered":"http:\/\/freschi.fr\/?page_id=19"},"modified":"2025-12-21T14:11:03","modified_gmt":"2025-12-21T13:11:03","slug":"hypnose-et-therapie-cognitive-une-combinaison-puissante-pour-votre-bien-etre","status":"publish","type":"page","link":"https:\/\/freschi.fr\/","title":{"rendered":"Bienvenue"},"content":{"rendered":"\n<div class=\"wp-block-cover\"><img data-opt-id=2135369179  fetchpriority=\"high\" decoding=\"async\" width=\"800\" height=\"600\" class=\"wp-block-cover__image-background wp-image-36\" alt=\"\" src=\"https:\/\/mlkfqxokypq4.i.optimole.com\/w:auto\/h:auto\/q:mauto\/f:best\/http:\/\/freschi.fr\/wp-content\/uploads\/2023\/08\/4005-goutte-d-eau-sur-feuille-WallFizz.jpg\" data-object-fit=\"cover\" srcset=\"https:\/\/mlkfqxokypq4.i.optimole.com\/w:800\/h:600\/q:mauto\/f:best\/https:\/\/freschi.fr\/wp-content\/uploads\/2023\/08\/4005-goutte-d-eau-sur-feuille-WallFizz.jpg 800w, https:\/\/mlkfqxokypq4.i.optimole.com\/w:300\/h:225\/q:mauto\/f:best\/https:\/\/freschi.fr\/wp-content\/uploads\/2023\/08\/4005-goutte-d-eau-sur-feuille-WallFizz.jpg 300w, https:\/\/mlkfqxokypq4.i.optimole.com\/w:768\/h:576\/q:mauto\/f:best\/https:\/\/freschi.fr\/wp-content\/uploads\/2023\/08\/4005-goutte-d-eau-sur-feuille-WallFizz.jpg 768w\" sizes=\"(max-width: 800px) 100vw, 800px\" \/><span aria-hidden=\"true\" class=\"wp-block-cover__background has-background-dim\"><\/span><div class=\"wp-block-cover__inner-container is-layout-constrained wp-block-cover-is-layout-constrained\">\n<p class=\"has-text-align-center has-large-font-size\"><strong>Psychoth\u00e9rapie br\u00e8ve<\/strong><\/p>\n\n\n\n<div class=\"wp-block-columns alignwide is-layout-flex wp-container-core-columns-is-layout-9d6595d7 wp-block-columns-is-layout-flex\">\n<div class=\"wp-block-column is-vertically-aligned-center is-layout-flow wp-block-column-is-layout-flow\">\n<h2 class=\"wp-block-heading has-text-align-center\"><a href=\"https:\/\/freschi.fr\/?page_id=31\" title=\"Psychoth\u00e9rapie individuelle\">Psychoth\u00e9rapie individuelle<\/a><\/h2>\n\n\n\n<h2 class=\"wp-block-heading has-text-align-center\"><a href=\"https:\/\/freschi.fr\/?page_id=67\" title=\"Th\u00e9rapie familiale syst\u00e9mique\">Th\u00e9rapie familiale syst\u00e9mique<\/a><\/h2>\n<\/div>\n\n\n\n<div class=\"wp-block-column is-vertically-aligned-center is-layout-flow wp-block-column-is-layout-flow\"><div class=\"wp-block-image\">\n<figure class=\"aligncenter size-large is-resized\"><img data-opt-id=1678130969  fetchpriority=\"high\" decoding=\"async\" width=\"997\" height=\"1024\" src=\"https:\/\/mlkfqxokypq4.i.optimole.com\/w:997\/h:1024\/q:mauto\/f:best\/http:\/\/freschi.fr\/wp-content\/uploads\/2023\/10\/1533123996_5b619d9c6c982-1.jpg\" alt=\"\" class=\"wp-image-146\" style=\"aspect-ratio:0.9736328125;width:299px;height:auto\" srcset=\"https:\/\/mlkfqxokypq4.i.optimole.com\/w:997\/h:1024\/q:mauto\/f:best\/https:\/\/freschi.fr\/wp-content\/uploads\/2023\/10\/1533123996_5b619d9c6c982-1-scaled.jpg 997w, https:\/\/mlkfqxokypq4.i.optimole.com\/w:292\/h:300\/q:mauto\/f:best\/https:\/\/freschi.fr\/wp-content\/uploads\/2023\/10\/1533123996_5b619d9c6c982-1-scaled.jpg 292w, https:\/\/mlkfqxokypq4.i.optimole.com\/w:768\/h:789\/q:mauto\/f:best\/https:\/\/freschi.fr\/wp-content\/uploads\/2023\/10\/1533123996_5b619d9c6c982-1-scaled.jpg 768w, https:\/\/mlkfqxokypq4.i.optimole.com\/w:1051\/h:1080\/q:mauto\/f:best\/https:\/\/freschi.fr\/wp-content\/uploads\/2023\/10\/1533123996_5b619d9c6c982-1-scaled.jpg 1496w, https:\/\/mlkfqxokypq4.i.optimole.com\/w:1051\/h:1080\/q:mauto\/f:best\/https:\/\/freschi.fr\/wp-content\/uploads\/2023\/10\/1533123996_5b619d9c6c982-1-scaled.jpg 1994w\" sizes=\"(max-width: 997px) 100vw, 997px\" \/><\/figure>\n<\/div><\/div>\n<\/div>\n\n\n<div class=\"wp-block-image\">\n<figure class=\"aligncenter size-large is-resized\"><a href=\"https:\/\/rdv.terapiz.com\/hypnotherapeute\/chalo-saint-mars\/stephane-freschi\" target=\"_blank\" rel=\"noreferrer noopener\"><img data-opt-id=1856035242  fetchpriority=\"high\" decoding=\"async\" width=\"1024\" height=\"261\" src=\"https:\/\/mlkfqxokypq4.i.optimole.com\/w:1024\/h:261\/q:mauto\/f:best\/https:\/\/freschi.fr\/wp-content\/uploads\/2024\/12\/Prise-RV-Chalo.jpg\" alt=\"\" class=\"wp-image-257\" style=\"aspect-ratio:3.9233716475095783;width:328px;height:auto\" srcset=\"https:\/\/mlkfqxokypq4.i.optimole.com\/w:1024\/h:261\/q:mauto\/f:best\/https:\/\/freschi.fr\/wp-content\/uploads\/2024\/12\/Prise-RV-Chalo.jpg 1024w, https:\/\/mlkfqxokypq4.i.optimole.com\/w:300\/h:77\/q:mauto\/f:best\/https:\/\/freschi.fr\/wp-content\/uploads\/2024\/12\/Prise-RV-Chalo.jpg 300w, https:\/\/mlkfqxokypq4.i.optimole.com\/w:768\/h:196\/q:mauto\/f:best\/https:\/\/freschi.fr\/wp-content\/uploads\/2024\/12\/Prise-RV-Chalo.jpg 768w, https:\/\/mlkfqxokypq4.i.optimole.com\/w:1074\/h:274\/q:mauto\/f:best\/https:\/\/freschi.fr\/wp-content\/uploads\/2024\/12\/Prise-RV-Chalo.jpg 1074w\" sizes=\"(max-width: 1024px) 100vw, 1024px\" \/><\/a><\/figure>\n<\/div><\/div><\/div>\n\n\n\n<figure class=\"wp-block-pullquote\"><blockquote><p><strong><mark style=\"background-color:var(--nv-secondary-accent)\" class=\"has-inline-color has-nv-light-bg-color\">Bonne nouvelle ! A partir de f\u00e9vrier 2026 le cabinet sera ouvert toute la semaine. Qu&rsquo;on se le dise !<\/mark><\/strong><\/p><\/blockquote><\/figure>\n\n\n\n<p><strong>L\u2019Hypnose et la Th\u00e9rapie Cognitive et Comportementale : Une approche int\u00e9grative<\/strong><\/p>\n\n\n\n<p>Vous avez peut-\u00eatre entendu parler de l\u2019hypnose comme un moyen de divertissement, mais saviez-vous que c\u2019est surtout une pratique th\u00e9rapeutique puissante ? Associ\u00e9e \u00e0 la th\u00e9rapie cognitive et comportementale, l\u2019hypnose peut vous aider \u00e0 r\u00e9soudre une vari\u00e9t\u00e9 de probl\u00e8mes \u00e9motionnels et comportementaux.<\/p>\n\n\n\n<p>La th\u00e9rapie cognitive et comportementale, quant \u00e0 elle, se concentre sur la compr\u00e9hension et la modification des pens\u00e9es et des comportements n\u00e9gatifs. En combinant ces deux approches, nous cr\u00e9ons une approche int\u00e9grative qui vous aide \u00e0 surmonter les d\u00e9fis de mani\u00e8re plus efficace et durable.<\/p>\n\n\n\n<h2 class=\"wp-block-heading has-text-align-left\">En cela, nous travaillerons \u00e0 vous lib\u00e9rer de :<\/h2>\n\n\n\n<div class=\"wp-block-columns is-layout-flex wp-container-core-columns-is-layout-9d6595d7 wp-block-columns-is-layout-flex\">\n<div class=\"wp-block-column is-vertically-aligned-center is-layout-flow wp-block-column-is-layout-flow\">\n<div class=\"wp-block-columns is-layout-flex wp-container-core-columns-is-layout-9d6595d7 wp-block-columns-is-layout-flex\">\n<div class=\"wp-block-column is-vertically-aligned-center is-layout-flow wp-block-column-is-layout-flow\"><div class=\"wp-block-image is-style-rounded\">\n<figure class=\"aligncenter size-full is-resized\"><img data-opt-id=173061802  data-opt-src=\"https:\/\/mlkfqxokypq4.i.optimole.com\/w:auto\/h:auto\/q:mauto\/f:best\/http:\/\/freschi.fr\/wp-content\/uploads\/2023\/10\/media.jpg\"  decoding=\"async\" width=\"660\" height=\"371\" src=\"data:image/svg+xml,%3Csvg%20viewBox%3D%220%200%20100%%20100%%22%20width%3D%22100%%22%20height%3D%22100%%22%20xmlns%3D%22http%3A%2F%2Fwww.w3.org%2F2000%2Fsvg%22%3E%3Crect%20width%3D%22100%%22%20height%3D%22100%%22%20fill%3D%22transparent%22%2F%3E%3C%2Fsvg%3E\" alt=\"\" class=\"wp-image-149\" style=\"aspect-ratio:1.778975741239892;width:337px;height:auto\" old-srcset=\"https:\/\/mlkfqxokypq4.i.optimole.com\/w:660\/h:371\/q:mauto\/f:best\/https:\/\/freschi.fr\/wp-content\/uploads\/2023\/10\/media.jpg 660w, https:\/\/mlkfqxokypq4.i.optimole.com\/w:300\/h:169\/q:mauto\/f:best\/https:\/\/freschi.fr\/wp-content\/uploads\/2023\/10\/media.jpg 300w\" \/><figcaption class=\"wp-element-caption\">Anxi\u00e9t\u00e9, d\u00e9pression<\/figcaption><\/figure>\n<\/div><\/div>\n\n\n\n<div class=\"wp-block-column is-vertically-aligned-center is-layout-flow wp-block-column-is-layout-flow\"><div class=\"wp-block-image is-style-rounded\">\n<figure class=\"aligncenter size-full is-resized\"><img data-opt-id=672990056  data-opt-src=\"https:\/\/mlkfqxokypq4.i.optimole.com\/w:auto\/h:auto\/q:mauto\/f:best\/http:\/\/freschi.fr\/wp-content\/uploads\/2023\/10\/phobies.jpg\"  decoding=\"async\" width=\"448\" height=\"448\" src=\"data:image/svg+xml,%3Csvg%20viewBox%3D%220%200%20100%%20100%%22%20width%3D%22100%%22%20height%3D%22100%%22%20xmlns%3D%22http%3A%2F%2Fwww.w3.org%2F2000%2Fsvg%22%3E%3Crect%20width%3D%22100%%22%20height%3D%22100%%22%20fill%3D%22transparent%22%2F%3E%3C%2Fsvg%3E\" alt=\"\" class=\"wp-image-151\" style=\"aspect-ratio:1;width:281px;height:auto\" old-srcset=\"https:\/\/mlkfqxokypq4.i.optimole.com\/w:448\/h:448\/q:mauto\/f:best\/https:\/\/freschi.fr\/wp-content\/uploads\/2023\/10\/phobies.jpg 448w, https:\/\/mlkfqxokypq4.i.optimole.com\/w:300\/h:300\/q:mauto\/f:best\/https:\/\/freschi.fr\/wp-content\/uploads\/2023\/10\/phobies.jpg 300w, https:\/\/mlkfqxokypq4.i.optimole.com\/w:150\/h:150\/q:mauto\/f:best\/https:\/\/freschi.fr\/wp-content\/uploads\/2023\/10\/phobies.jpg 150w\" \/><figcaption class=\"wp-element-caption\">Phobies, traumatismes<\/figcaption><\/figure>\n<\/div><\/div>\n\n\n\n<div class=\"wp-block-column is-vertically-aligned-center is-layout-flow wp-block-column-is-layout-flow\"><div class=\"wp-block-image is-style-rounded\">\n<figure class=\"aligncenter size-large is-resized\"><img data-opt-id=1605519300  data-opt-src=\"https:\/\/mlkfqxokypq4.i.optimole.com\/w:1024\/h:690\/q:mauto\/f:best\/http:\/\/freschi.fr\/wp-content\/uploads\/2023\/10\/istock16298739medium.jpg\"  decoding=\"async\" width=\"1024\" height=\"690\" src=\"data:image/svg+xml,%3Csvg%20viewBox%3D%220%200%201024%20690%22%20width%3D%221024%22%20height%3D%22690%22%20xmlns%3D%22http%3A%2F%2Fwww.w3.org%2F2000%2Fsvg%22%3E%3Crect%20width%3D%221024%22%20height%3D%22690%22%20fill%3D%22transparent%22%2F%3E%3C%2Fsvg%3E\" alt=\"\" class=\"wp-image-148\" style=\"aspect-ratio:1.4840579710144928;width:319px;height:auto\" old-srcset=\"https:\/\/mlkfqxokypq4.i.optimole.com\/w:1024\/h:690\/q:mauto\/f:best\/https:\/\/freschi.fr\/wp-content\/uploads\/2023\/10\/istock16298739medium.jpg 1024w, https:\/\/mlkfqxokypq4.i.optimole.com\/w:300\/h:202\/q:mauto\/f:best\/https:\/\/freschi.fr\/wp-content\/uploads\/2023\/10\/istock16298739medium.jpg 300w, https:\/\/mlkfqxokypq4.i.optimole.com\/w:768\/h:517\/q:mauto\/f:best\/https:\/\/freschi.fr\/wp-content\/uploads\/2023\/10\/istock16298739medium.jpg 768w, https:\/\/mlkfqxokypq4.i.optimole.com\/w:1536\/h:1035\/q:mauto\/f:best\/https:\/\/freschi.fr\/wp-content\/uploads\/2023\/10\/istock16298739medium.jpg 1536w, https:\/\/mlkfqxokypq4.i.optimole.com\/w:1603\/h:1080\/q:mauto\/f:best\/https:\/\/freschi.fr\/wp-content\/uploads\/2023\/10\/istock16298739medium.jpg 1688w\" \/><figcaption class=\"wp-element-caption\">Stress, burn out<\/figcaption><\/figure>\n<\/div><\/div>\n<\/div>\n<\/div>\n<\/div>\n\n\n\n<h2 class=\"wp-block-heading has-text-align-center\">Les bienfaits :<\/h2>\n\n\n\n<div class=\"wp-block-cover is-light\" style=\"min-height:176px;aspect-ratio:unset;\"><img data-opt-id=1928866760  data-opt-src=\"https:\/\/mlkfqxokypq4.i.optimole.com\/w:auto\/h:auto\/q:mauto\/f:best\/http:\/\/freschi.fr\/wp-content\/uploads\/2023\/11\/Plenitude.jpg\"  decoding=\"async\" width=\"849\" height=\"565\" class=\"wp-block-cover__image-background wp-image-213\" alt=\"\" src=\"data:image/svg+xml,%3Csvg%20viewBox%3D%220%200%20100%%20100%%22%20width%3D%22100%%22%20height%3D%22100%%22%20xmlns%3D%22http%3A%2F%2Fwww.w3.org%2F2000%2Fsvg%22%3E%3Crect%20width%3D%22100%%22%20height%3D%22100%%22%20fill%3D%22transparent%22%2F%3E%3C%2Fsvg%3E\" data-object-fit=\"cover\" old-srcset=\"https:\/\/mlkfqxokypq4.i.optimole.com\/w:849\/h:565\/q:mauto\/f:best\/https:\/\/freschi.fr\/wp-content\/uploads\/2023\/11\/Plenitude.jpg 849w, https:\/\/mlkfqxokypq4.i.optimole.com\/w:300\/h:200\/q:mauto\/f:best\/https:\/\/freschi.fr\/wp-content\/uploads\/2023\/11\/Plenitude.jpg 300w, https:\/\/mlkfqxokypq4.i.optimole.com\/w:768\/h:511\/q:mauto\/f:best\/https:\/\/freschi.fr\/wp-content\/uploads\/2023\/11\/Plenitude.jpg 768w\" \/><span aria-hidden=\"true\" class=\"wp-block-cover__background has-background-dim\"><\/span><div class=\"wp-block-cover__inner-container is-layout-constrained wp-block-cover-is-layout-constrained\">\n<p class=\"has-text-align-center has-large-font-size\"><mark style=\"background-color:rgba(0, 0, 0, 0)\" class=\"has-inline-color has-nv-site-bg-color\"><a href=\"https:\/\/freschi.fr\/?page_id=209\" title=\"T\u00e9moignages\">C&rsquo;est vous qui parlez le mieux des r\u00e9sultats obtenus !<\/a><\/mark><\/p>\n<\/div><\/div>\n\n\n\n<p>Retrouver la qui\u00e9tude dans votre quotidien, reprendre le contr\u00f4le de vos d\u00e9cisions et de ce fait \u00eatre libre de vos choix, voil\u00e0 ce que je vous souhaite \u00e0 l&rsquo;issue du travail que nous pouvons faire ensemble et de ce que je peux vous aider \u00e0 trouver.<\/p>\n\n\n\n<p>En travaillant avec un psychoth\u00e9rapeute sp\u00e9cialis\u00e9 dans l\u2019hypnose et la th\u00e9rapie cognitive, vous pouvez b\u00e9n\u00e9ficier de nombreux avantages pour votre bien-\u00eatre. Voici quelques-uns des bienfaits les plus courants :<\/p>\n\n\n\n<ul class=\"wp-block-list\">\n<li><strong>Am\u00e9lioration de la Confiance en Soi :<\/strong> Gr\u00e2ce \u00e0 la th\u00e9rapie cognitive, vous identifierez et modifierez les sch\u00e9mas de pens\u00e9e n\u00e9gatifs qui sapent votre confiance en vous. En combinant cela avec l\u2019hypnose, vous pouvez renforcer votre estime de soi et d\u00e9velopper une confiance solide en vos capacit\u00e9s.<\/li>\n\n\n\n<li><strong>Gestion de l\u2019anxi\u00e9t\u00e9 et du stress : <\/strong>L\u2019hypnose et la th\u00e9rapie cognitive vous donnent les outils n\u00e9cessaires pour g\u00e9rer le stress de mani\u00e8re plus saine et efficace. Vous apprendrez des techniques de relaxation profonde et des strat\u00e9gies de gestion du stress et de l\u2019anxi\u00e9t\u00e9 qui vous aideront \u00e0 retrouver votre \u00e9quilibre \u00e9motionnel. Vous am\u00e9liorerez ainsi votre qualit\u00e9 de vie au quotidien par un meilleur sommeil, la confiance en soi, le d\u00e9veloppement personnel o\u00f9 une meilleur connaissance de soi, une meilleure \u00e9nergie \u2026<\/li>\n\n\n\n<li><strong>Faire face \u00e0 un burn-out ou \u00e0 la d\u00e9pression :<\/strong> la vie r\u00e9serve parfois des \u00e9tapes difficiles dont l\u2019aide ext\u00e9rieure sera n\u00e9cessaire. Ces passages difficiles seront surmontable avec un th\u00e9rapeute exp\u00e9riment\u00e9. Les traumatismes du pass\u00e9 cesseront d&rsquo;importuner votre quotidien.<\/li>\n<\/ul>\n\n\n\n<blockquote class=\"wp-block-quote is-layout-flow wp-block-quote-is-layout-flow\">\n<p><\/p>\n<\/blockquote>\n","protected":false},"excerpt":{"rendered":"<p>Bonne nouvelle ! A partir de f\u00e9vrier 2026 le cabinet sera ouvert toute la semaine. Qu&rsquo;on se le dise ! L\u2019Hypnose et la Th\u00e9rapie Cognitive et Comportementale : Une approche int\u00e9grative Vous avez peut-\u00eatre entendu parler de l\u2019hypnose comme un moyen de divertissement, mais saviez-vous que c\u2019est surtout une pratique th\u00e9rapeutique puissante ? Associ\u00e9e \u00e0&hellip;&nbsp;<a href=\"https:\/\/freschi.fr\/\" rel=\"bookmark\">Lire la suite &raquo;<span class=\"screen-reader-text\">Bienvenue<\/span><\/a><\/p>\n","protected":false},"author":1,"featured_media":0,"parent":0,"menu_order":0,"comment_status":"closed","ping_status":"closed","template":"","meta":{"om_disable_all_campaigns":false,"_monsterinsights_skip_tracking":false,"_monsterinsights_sitenote_active":false,"_monsterinsights_sitenote_note":"","_monsterinsights_sitenote_category":0,"neve_meta_sidebar":"","neve_meta_container":"","neve_meta_enable_content_width":"","neve_meta_content_width":0,"neve_meta_title_alignment":"","neve_meta_author_avatar":"","neve_post_elements_order":"","neve_meta_disable_header":"","neve_meta_disable_footer":"","neve_meta_disable_title":"","footnotes":""},"class_list":["post-19","page","type-page","status-publish","hentry"],"aioseo_notices":[],"_links":{"self":[{"href":"https:\/\/freschi.fr\/index.php?rest_route=\/wp\/v2\/pages\/19","targetHints":{"allow":["GET"]}}],"collection":[{"href":"https:\/\/freschi.fr\/index.php?rest_route=\/wp\/v2\/pages"}],"about":[{"href":"https:\/\/freschi.fr\/index.php?rest_route=\/wp\/v2\/types\/page"}],"author":[{"embeddable":true,"href":"https:\/\/freschi.fr\/index.php?rest_route=\/wp\/v2\/users\/1"}],"replies":[{"embeddable":true,"href":"https:\/\/freschi.fr\/index.php?rest_route=%2Fwp%2Fv2%2Fcomments&post=19"}],"version-history":[{"count":37,"href":"https:\/\/freschi.fr\/index.php?rest_route=\/wp\/v2\/pages\/19\/revisions"}],"predecessor-version":[{"id":281,"href":"https:\/\/freschi.fr\/index.php?rest_route=\/wp\/v2\/pages\/19\/revisions\/281"}],"wp:attachment":[{"href":"https:\/\/freschi.fr\/index.php?rest_route=%2Fwp%2Fv2%2Fmedia&parent=19"}],"curies":[{"name":"wp","href":"https:\/\/api.w.org\/{rel}","templated":true}]}}