{"id":209,"date":"2023-11-15T13:37:58","date_gmt":"2023-11-15T12:37:58","guid":{"rendered":"https:\/\/freschi.fr\/?page_id=209"},"modified":"2025-04-24T17:59:08","modified_gmt":"2025-04-24T15:59:08","slug":"temoignages","status":"publish","type":"page","link":"https:\/\/freschi.fr\/?page_id=209","title":{"rendered":"T\u00e9moignages"},"content":{"rendered":"\n<div class=\"wp-block-cover is-light\"><span aria-hidden=\"true\" class=\"wp-block-cover__background has-background-dim\"><\/span><img data-opt-id=1928866760  fetchpriority=\"high\" decoding=\"async\" width=\"849\" height=\"565\" class=\"wp-block-cover__image-background wp-image-213\" alt=\"\" src=\"https:\/\/mlkfqxokypq4.i.optimole.com\/w:auto\/h:auto\/q:mauto\/f:best\/http:\/\/freschi.fr\/wp-content\/uploads\/2023\/11\/Plenitude.jpg\" data-object-fit=\"cover\" srcset=\"https:\/\/mlkfqxokypq4.i.optimole.com\/w:849\/h:565\/q:mauto\/f:best\/https:\/\/freschi.fr\/wp-content\/uploads\/2023\/11\/Plenitude.jpg 849w, https:\/\/mlkfqxokypq4.i.optimole.com\/w:300\/h:200\/q:mauto\/f:best\/https:\/\/freschi.fr\/wp-content\/uploads\/2023\/11\/Plenitude.jpg 300w, https:\/\/mlkfqxokypq4.i.optimole.com\/w:768\/h:511\/q:mauto\/f:best\/https:\/\/freschi.fr\/wp-content\/uploads\/2023\/11\/Plenitude.jpg 768w\" sizes=\"(max-width: 849px) 100vw, 849px\" \/><div class=\"wp-block-cover__inner-container is-layout-constrained wp-block-cover-is-layout-constrained\">\n<p class=\"has-text-align-center has-large-font-size\"><mark style=\"background-color:rgba(0, 0, 0, 0)\" class=\"has-inline-color has-nv-site-bg-color\">C&rsquo;est vous qui parlez le mieux des r\u00e9sultats obtenus !<\/mark><\/p>\n<\/div><\/div>\n\n\n\t<div id=\"respond\" class=\"comment-respond wp-block-post-comments-form\">\n\t\t<h2 id=\"reply-title\" class=\"comment-reply-title\">Laisser un commentaire <small><a rel=\"nofollow\" id=\"cancel-comment-reply-link\" href=\"\/index.php?rest_route=%2Fwp%2Fv2%2Fpages%2F209#respond\" style=\"display:none;\">Annuler la r\u00e9ponse<\/a><\/small><\/h2><form action=\"https:\/\/freschi.fr\/wp-comments-post.php\" method=\"post\" id=\"commentform\" class=\"comment-form\"><p class=\"comment-notes\"><span id=\"email-notes\">Votre adresse e-mail ne sera pas publi\u00e9e.<\/span> <span class=\"required-field-message\">Les champs obligatoires sont indiqu\u00e9s avec <span class=\"required\">*<\/span><\/span><\/p><p class=\"comment-form-author\"><label for=\"author\">Nom <span class=\"required\">*<\/span><\/label> <input id=\"author\" name=\"author\" type=\"text\" value=\"\" size=\"30\" maxlength=\"245\" autocomplete=\"name\" required \/><\/p>\n<p class=\"comment-form-email\"><label for=\"email\">E-mail <span class=\"required\">*<\/span><\/label> <input id=\"email\" name=\"email\" type=\"email\" value=\"\" size=\"30\" maxlength=\"100\" aria-describedby=\"email-notes\" autocomplete=\"email\" required \/><\/p>\n<p class=\"comment-form-url\"><label for=\"url\">Site web<\/label> <input id=\"url\" name=\"url\" type=\"url\" value=\"\" size=\"30\" maxlength=\"200\" autocomplete=\"url\" \/><\/p>\n<p class=\"comment-form-comment\"><label for=\"comment\">Commentaire <span class=\"required\">*<\/span><\/label> <textarea id=\"comment\" name=\"comment\" cols=\"45\" rows=\"8\" maxlength=\"65525\" required><\/textarea><\/p><p class=\"comment-form-cookies-consent\"><input id=\"wp-comment-cookies-consent\" name=\"wp-comment-cookies-consent\" type=\"checkbox\" value=\"yes\" \/> <label for=\"wp-comment-cookies-consent\">Enregistrer mon nom, mon e-mail et mon site dans le navigateur pour mon prochain commentaire.<\/label><\/p>\n<p class=\"form-submit\"><input name=\"submit\" type=\"submit\" id=\"submit\" class=\"submit\" value=\"Laisser un commentaire\" \/> <input type='hidden' name='comment_post_ID' value='209' id='comment_post_ID' \/>\n<input type='hidden' name='comment_parent' id='comment_parent' value='0' \/>\n<\/p><\/form>\t<\/div><!-- #respond -->\n\t\n\n\n<p><strong>Marseglia <\/strong>&#8211; Je ne vous remercierai jamais assez de tout ce que vous avez fait pour moi Stephane, r\u00e9ussir \u00e0 surmonter un lourd stress post traumatique avec beaucoup de valises \u00e9tait un sacr\u00e9 challenge que vous avez su relever avec brio. Je revis depuis votre suivi.<br>Vous pouvez y aller les yeux ferm\u00e9s, d\u2019une bienveillance extr\u00eame, je vous le recommande sinc\u00e8rement. Merci St\u00e9phane. Cynthia<\/p>\n\n\n\n<p><strong>B\u00e9atrice C.<\/strong> &#8211; Monsieur Freschi est assez surprenant. Il analyse et vous guide avec bienveillance, tact et perspicacit\u00e9. A la fin de chaque s\u00e9ance une grande fatigue et des questionnement mais qui se r\u00e9solvent au cours des jours suivants. Des am\u00e9liorations rapides pour moi. Monsieur Freschi est avant tout un excellent th\u00e9rapeute avec ou sans hypnose.<\/p>\n\n\n\n<p><strong>Sylvie K.<\/strong> &#8211; Am\u00e9lioration constat\u00e9e dans les 30 jours suivant la consultation : M Freschi est une aide pr\u00e9cieuse pour surmonter des \u00e9preuves difficiles et avancer pour trouver un bien \u00eatre durable. Je recommande tr\u00e8s vivement.<\/p>\n\n\n\n<p><strong>Claudine C.<\/strong> &#8211; \u00c9coute ,disponibilit\u00e9, bienveillance et professionnalisme.&nbsp;J&rsquo;ai la m\u00e9thode&nbsp; et la r\u00e9flexion pour&nbsp; parvenir \u00e0 r\u00e9duire mon stress. Ces techniques me seront utiles dans de nombreuses circonstances. Merci<\/p>\n\n\n\n<p><strong>Andrea B.<\/strong> &#8211; Am\u00e9lioration constat\u00e9e dans les 30 jours suivant la consultation : Parfait. Tr\u00e8s efficace. Je suis ravie de mes s\u00e9ances qui m ont permis d avancer durablement.<\/p>\n\n\n\n<p><strong>Christophe D.<\/strong> &#8211; Am\u00e9lioration constat\u00e9e dans les 30 jours suivant la consultation : th\u00e9rapeute tr\u00e8s \u00e0 l&rsquo;\u00e9coute, interactif et sur mesure&#8230;tr\u00e8s bon contact, vous fait avancer rapidement et met l&rsquo;accent sur les \u00e9l\u00e9ments les plus importants. Ne fait pas durer inutilement le nombre de consultations pour aboutir au r\u00e9sultat escompt\u00e9\u2026<\/p>\n\n\n\n<p><strong>Nathalie T.<\/strong> &#8211; Am\u00e9lioration constat\u00e9e dans les 30 jours suivant la consultation : M.Freschi m&rsquo;a accompagn\u00e9e pour trouver des pistes me permettant de sortir de mon \u00e9tat de d\u00e9tresse. Il m&rsquo;a aid\u00e9 \u00e0 mieux me comprendre et \u00e0 reprendre confiance en mes aptitudes. J&rsquo;ai notablement gagn\u00e9 en motivation. Mon sommeil s&rsquo;est nettement am\u00e9lior\u00e9. Je m&rsquo;autorise \u00e0 \u00eatre bienveillante envers moi m\u00eame. Tr\u00e8s \u00e0 l&rsquo;\u00e9coute, attitude positive et bienveillante. Grande capacit\u00e9 d&rsquo;analyse. Je pense que les points sur lesquels travailler ont \u00e9t\u00e9 bien cern\u00e9s.<\/p>\n\n\n\n<p><strong>Philippe G.<\/strong> &#8211; Th\u00e9rapeute \u00e0 l&rsquo;\u00e9coute, avec bienveillance et efficacit\u00e9. Merci pour ces s\u00e9ances de \u00ab\u00a0remise en forme\u00a0\u00bb qui m&rsquo;ont fait beaucoup de bien.<\/p>\n\n\n\n<p><strong>ANNIE M.<\/strong> &#8211; Am\u00e9lioration constat\u00e9e dans les 30 jours suivant la consultation : Une reprise de confiance et une meilleur analyse des&nbsp; situations rencontr\u00e9s dans mon quotidien. Apais\u00e9e,&nbsp; j\u2019arrive \u00e0 prendre plus de recul face \u00e0 une difficult\u00e9.<\/p>\n\n\n\n<p><strong>Emmanuelle R.<\/strong> &#8211; Am\u00e9lioration constat\u00e9e dans les 30 jours suivant la consultation : Un bon r\u00e9\u00e9quilibrage psychique. Reprise de bonnes habitudes (sports, activit\u00e9s artistiques). D\u00e9but de perte de poids. Merci!<\/p>\n\n\n\n<p><strong>Claudine D.<\/strong> &#8211; Am\u00e9lioration constat\u00e9e dans les 30 jours suivant la consultation : Je me sent beaucoup plus apais\u00e9e mentalement&nbsp; je pense mieux me g\u00e9rer. Je dors mieux. Pour moi c&rsquo;est positif et je le recommanderais si besoin.<\/p>\n\n\n\n<p><strong>Sophie G.<\/strong> &#8211; Monsieur FRESCHI est \u00e0 l\u2019\u00e9coute et totalement disponible pour ses patients. Il identifie facilement la cause de notre mal \u00eatre et nous permet d\u2019\u00eatre totalement acteur de notre th\u00e9rapie en attirant notre attention sur des r\u00e9flexions qui laissent para\u00eetre les r\u00e9ponses comme des \u00e9vidences. L\u2019hypnose permet d\u2019\u00e9voquer des souffrances en mots simples tout en respectant notre intimit\u00e9.&nbsp;Il est rassurant et impliqu\u00e9.&nbsp;<\/p>\n\n\n\n<p><strong>Patricia F.<\/strong> &#8211; Am\u00e9lioration constat\u00e9e dans les 30 jours suivant la consultation : Il m&rsquo;a aid\u00e9e \u00e0 tourner la page apr\u00e8s le d\u00e9c\u00e8s de mon \u00e9poux et sur certains \u00e9v\u00e9nements de mon enfance. Tr\u00e8s \u00e0 l&rsquo;\u00e9coute, de bon conseil, tr\u00e8s gentil, il a toujours une solution \u00e0 proposer.<\/p>\n\n\n\n<p><strong>Nad\u00e8ge C.<\/strong> &#8211; J\u2019ai eu droit \u00e0 de vrais conseils th\u00e9rapeutiques et professionnels car Mr Freschi a eu une exp\u00e9rience professionnelle en Entreprise. Ce qui m\u2019a beaucoup aid\u00e9e \u00e0 comprendre mon anxi\u00e9t\u00e9 li\u00e9e \u00e0 ma probl\u00e9matique au sein de mon Entreprise. Il est de bons conseils et ses techniques d\u2019hypnose m\u2019ont beaucoup aid\u00e9.<\/p>\n\n\n\n<p><strong>Anne P.<\/strong> &#8211; Tr\u00e8s bon contact avec ce praticien.&nbsp;Je suis tr\u00e8s satisfaite de cette exp\u00e9rience et b\u00e9n\u00e9ficie d\u00e9j\u00e0 d\u2019un mieux \u00eatre. Am\u00e9lioration constat\u00e9e dans les 30 jours suivant la consultation : C\u2019est une belle fa\u00e7on d\u2019avancer dans la vie en pansant nos plaies pour repartir plus fort.&nbsp;Un super soutien. Je conseille.<\/p>\n\n\n\n<p><strong>Val\u00e9rie M.<\/strong> &#8211; J&rsquo;ai d\u00e9j\u00e0 fait appel \u00e0 Monsieur FRESCHI en 2017 et le travail effectu\u00e9 a \u00e9t\u00e9 tr\u00e8s concluant, c&rsquo;est pour cette raison que je n&rsquo;ai pas h\u00e9sit\u00e9 \u00e0 y retourner. Pour moi, l&rsquo;hypnoth\u00e9rapie me convient tout \u00e0 fait. Je recommande bien \u00e9videmment Monsieur FRESCHI.<\/p>\n\n\n\n<hr class=\"wp-block-separator has-css-opacity is-style-default\"\/>\n","protected":false},"excerpt":{"rendered":"<p>Marseglia &#8211; Je ne vous remercierai jamais assez de tout ce que vous avez fait pour moi Stephane, r\u00e9ussir \u00e0 surmonter un lourd stress post traumatique avec beaucoup de valises \u00e9tait un sacr\u00e9 challenge que vous avez su relever avec brio. Je revis depuis votre suivi.Vous pouvez y aller les yeux ferm\u00e9s, d\u2019une bienveillance extr\u00eame,&hellip;&nbsp;<a href=\"https:\/\/freschi.fr\/?page_id=209\" rel=\"bookmark\">Lire la suite &raquo;<span class=\"screen-reader-text\">T\u00e9moignages<\/span><\/a><\/p>\n","protected":false},"author":1,"featured_media":0,"parent":0,"menu_order":0,"comment_status":"open","ping_status":"closed","template":"","meta":{"om_disable_all_campaigns":false,"_monsterinsights_skip_tracking":false,"_monsterinsights_sitenote_active":false,"_monsterinsights_sitenote_note":"","_monsterinsights_sitenote_category":0,"neve_meta_sidebar":"","neve_meta_container":"","neve_meta_enable_content_width":"","neve_meta_content_width":0,"neve_meta_title_alignment":"","neve_meta_author_avatar":"","neve_post_elements_order":"","neve_meta_disable_header":"","neve_meta_disable_footer":"","neve_meta_disable_title":"","footnotes":""},"class_list":["post-209","page","type-page","status-publish","hentry"],"aioseo_notices":[],"_links":{"self":[{"href":"https:\/\/freschi.fr\/index.php?rest_route=\/wp\/v2\/pages\/209","targetHints":{"allow":["GET"]}}],"collection":[{"href":"https:\/\/freschi.fr\/index.php?rest_route=\/wp\/v2\/pages"}],"about":[{"href":"https:\/\/freschi.fr\/index.php?rest_route=\/wp\/v2\/types\/page"}],"author":[{"embeddable":true,"href":"https:\/\/freschi.fr\/index.php?rest_route=\/wp\/v2\/users\/1"}],"replies":[{"embeddable":true,"href":"https:\/\/freschi.fr\/index.php?rest_route=%2Fwp%2Fv2%2Fcomments&post=209"}],"version-history":[{"count":3,"href":"https:\/\/freschi.fr\/index.php?rest_route=\/wp\/v2\/pages\/209\/revisions"}],"predecessor-version":[{"id":219,"href":"https:\/\/freschi.fr\/index.php?rest_route=\/wp\/v2\/pages\/209\/revisions\/219"}],"wp:attachment":[{"href":"https:\/\/freschi.fr\/index.php?rest_route=%2Fwp%2Fv2%2Fmedia&parent=209"}],"curies":[{"name":"wp","href":"https:\/\/api.w.org\/{rel}","templated":true}]}}