{"id":3,"date":"2023-08-07T09:02:26","date_gmt":"2023-08-07T07:02:26","guid":{"rendered":"http:\/\/freschi.fr\/?page_id=3"},"modified":"2023-08-18T21:24:26","modified_gmt":"2023-08-18T19:24:26","slug":"politique-de-confidentialite","status":"publish","type":"page","link":"https:\/\/freschi.fr\/?page_id=3","title":{"rendered":"Code de d\u00e9ontologie"},"content":{"rendered":"\n<p>Article 1<\/p>\n\n\n\n<p>Le praticien d\u2019hypnose pr\u00e9serve la vie priv\u00e9e des personnes qui le consultent en garantissant le respect du secret professionnel, y compris entre coll\u00e8gues. Il prend toutes les pr\u00e9cautions n\u00e9cessaires pour pr\u00e9server l\u2019anonymat des personnes qui le consultent ou qui l\u2019ont consult\u00e9. Cette obligation s\u2019applique aussi dans le cadre de la supervision. Si des raisons th\u00e9rapeutiques n\u00e9cessitent la collaboration avec une personne donnant des soins au patient, le praticien d\u2019hypnose ne peut partager les informations dont il dispose qu\u2019avec l\u2019accord du patient.<\/p>\n\n\n\n<p>Article 2<\/p>\n\n\n\n<p>Le praticien d\u2019hypnose est garant de ses qualifications qui d\u00e9finissent ses propres limites, compte tenu de ses formations et refuse toute intervention lorsqu\u2019il sait ne pas avoir les comp\u00e9tences n\u00e9cessaires.<\/p>\n\n\n\n<p>Article 3<\/p>\n\n\n\n<p>Le praticien d\u2019hypnose ne devra pas pr\u00e9tendre \u00e0 des pouvoirs ou \u00e0 des formations qu\u2019il n\u2019a pas. Il devra \u00eatre prudent dans ses engagements. Il ne fera pas de promesses qu\u2019il ne pourra pas tenir. Il s\u2019abstiendra de toute publicit\u00e9 mensong\u00e8re.<\/p>\n\n\n\n<p>Article 4<\/p>\n\n\n\n<p>Le praticien d\u2019hypnose tient ses connaissances th\u00e9oriques et pratiques mises \u00e0 jour r\u00e9guli\u00e8rement par une formation continue et une supervision.<\/p>\n\n\n\n<p>Article 5<\/p>\n\n\n\n<p>Le praticien d\u2019hypnose dispose sur le lieu de son exercice professionnel d\u2019une installation convenable, de locaux appropri\u00e9s pour permettre le respect du secret professionnel.<\/p>\n\n\n\n<p>Article 6<\/p>\n\n\n\n<p>Avant toute intervention hypnotique, le praticien d\u2019hypnose s\u2019assure du consentement des personnes qui le consultent. Il les informe des modalit\u00e9s, des objectifs et des limites de son intervention. D\u00e8s le d\u00e9but de la th\u00e9rapie, il doit attirer l\u2019attention de son patient sur ses droits et souligner les points suivants :<\/p>\n\n\n\n<p>\u2022 type de m\u00e9thode employ\u00e9 (s\u2019il le juge appropri\u00e9 \u00e0 la situation du patient). Il pr\u00e9cise les conditions de travail (y compris les conditions d\u2019annulation ou d\u2019arr\u00eat)<\/p>\n\n\n\n<p>\u2022 conditions financi\u00e8res (honoraires, prises en charge, r\u00e8glement des s\u00e9ances manqu\u00e9es)<\/p>\n\n\n\n<p>\u2022 secret professionnel<\/p>\n\n\n\n<p>\u2022 possibilit\u00e9 de recours en cas de litige.<\/p>\n\n\n\n<p>Article 7<\/p>\n\n\n\n<p>Sous pr\u00e9texte de faire avancer la science, le praticien d\u2019hypnose ne peut en aucun cas pr\u00e9valoir sur l\u2019int\u00e9r\u00eat du patient et de son traitement.<\/p>\n\n\n\n<p>Article 8<\/p>\n\n\n\n<p>Le praticien d\u2019hypnose refuse toute demande d\u2019un tiers qui recherche un avantage illicite ou immoral ou qui fait acte d\u2019autorit\u00e9 abusive dans le recours \u00e0 ses services.<\/p>\n\n\n\n<p>Article 9<\/p>\n\n\n\n<p>Dans le cas o\u00f9 le praticien d\u2019hypnose se voit dans l\u2019obligation d\u2019arr\u00eater son intervention, il prend les mesures appropri\u00e9es pour que la continuit\u00e9 de son action professionnelle soit assur\u00e9e par un coll\u00e8gue, avec l\u2019accord des personnes concern\u00e9es et sous r\u00e9serve que cette nouvelle intervention soit fond\u00e9e et d\u00e9ontologiquement possible.<\/p>\n\n\n\n<p>Article 10<\/p>\n\n\n\n<p>Le praticien d\u2019hypnose doit s\u2019abstenir de toute relation sexuelle ou agressive avec son patient\/client et ne profiter en aucun cas de sa vuln\u00e9rabilit\u00e9 pour en tirer un plaisir, un int\u00e9r\u00eat quelconque ou un avantage financier. Il le traitera toujours avec respect et avec dignit\u00e9. Aucun abus ne pourra se justifier d\u2019une complaisance, m\u00eame active, du patient\/client.<\/p>\n\n\n\n<p>Article 11<\/p>\n\n\n\n<p>Le titre de \u00ab psychoth\u00e9rapeute \u00bb sera utilis\u00e9 conform\u00e9ment \u00e0 la loi prot\u00e9geant son utilisation selon des directives gouvernementales (loi Accoyer).<\/p>\n\n\n\n<p>Article 12<\/p>\n\n\n\n<p>Le praticien d\u2019hypnose s\u2019engage \u00e0 respecter les r\u00e8gles du pr\u00e9sent code. En cas de manquements aux r\u00e8gles d\u00e9ontologiques, le conseil d\u2019administration de l\u2019A.E.P.H. prononcera l\u2019exclusion d\u00e9finitive du membre de l\u2019association.<\/p>\n","protected":false},"excerpt":{"rendered":"<p>Article 1 Le praticien d\u2019hypnose pr\u00e9serve la vie priv\u00e9e des personnes qui le consultent en garantissant le respect du secret professionnel, y compris entre coll\u00e8gues. Il prend toutes les pr\u00e9cautions n\u00e9cessaires pour pr\u00e9server l\u2019anonymat des personnes qui le consultent ou qui l\u2019ont consult\u00e9. Cette obligation s\u2019applique aussi dans le cadre de la supervision. Si des&hellip;&nbsp;<a href=\"https:\/\/freschi.fr\/?page_id=3\" rel=\"bookmark\">Lire la suite &raquo;<span class=\"screen-reader-text\">Code de d\u00e9ontologie<\/span><\/a><\/p>\n","protected":false},"author":1,"featured_media":0,"parent":0,"menu_order":0,"comment_status":"closed","ping_status":"open","template":"","meta":{"om_disable_all_campaigns":false,"_monsterinsights_skip_tracking":false,"_monsterinsights_sitenote_active":false,"_monsterinsights_sitenote_note":"","_monsterinsights_sitenote_category":0,"neve_meta_sidebar":"","neve_meta_container":"","neve_meta_enable_content_width":"","neve_meta_content_width":0,"neve_meta_title_alignment":"","neve_meta_author_avatar":"","neve_post_elements_order":"","neve_meta_disable_header":"","neve_meta_disable_footer":"","neve_meta_disable_title":"","footnotes":""},"class_list":["post-3","page","type-page","status-publish","hentry"],"aioseo_notices":[],"_links":{"self":[{"href":"https:\/\/freschi.fr\/index.php?rest_route=\/wp\/v2\/pages\/3","targetHints":{"allow":["GET"]}}],"collection":[{"href":"https:\/\/freschi.fr\/index.php?rest_route=\/wp\/v2\/pages"}],"about":[{"href":"https:\/\/freschi.fr\/index.php?rest_route=\/wp\/v2\/types\/page"}],"author":[{"embeddable":true,"href":"https:\/\/freschi.fr\/index.php?rest_route=\/wp\/v2\/users\/1"}],"replies":[{"embeddable":true,"href":"https:\/\/freschi.fr\/index.php?rest_route=%2Fwp%2Fv2%2Fcomments&post=3"}],"version-history":[{"count":1,"href":"https:\/\/freschi.fr\/index.php?rest_route=\/wp\/v2\/pages\/3\/revisions"}],"predecessor-version":[{"id":22,"href":"https:\/\/freschi.fr\/index.php?rest_route=\/wp\/v2\/pages\/3\/revisions\/22"}],"wp:attachment":[{"href":"https:\/\/freschi.fr\/index.php?rest_route=%2Fwp%2Fv2%2Fmedia&parent=3"}],"curies":[{"name":"wp","href":"https:\/\/api.w.org\/{rel}","templated":true}]}}