{"id":31,"date":"2023-08-18T21:39:55","date_gmt":"2023-08-18T19:39:55","guid":{"rendered":"https:\/\/freschi.fr\/?page_id=31"},"modified":"2025-12-21T14:11:59","modified_gmt":"2025-12-21T13:11:59","slug":"psychotherapie-individuelle","status":"publish","type":"page","link":"https:\/\/freschi.fr\/?page_id=31","title":{"rendered":"Psychoth\u00e9rapie individuelle"},"content":{"rendered":"\n<figure class=\"wp-block-image size-large is-resized\"><a href=\"https:\/\/rdv.terapiz.com\/hypnotherapeute\/chalo-saint-mars\/stephane-freschi\" target=\"_blank\" rel=\"noreferrer noopener\"><img data-opt-id=1585802662  fetchpriority=\"high\" decoding=\"async\" width=\"1024\" height=\"261\" src=\"https:\/\/mlkfqxokypq4.i.optimole.com\/w:1024\/h:261\/q:mauto\/f:best\/http:\/\/freschi.fr\/wp-content\/uploads\/2024\/12\/Prise-RV-Chalo.jpg\" alt=\"\" class=\"wp-image-257\" style=\"aspect-ratio:3.9233716475095783;width:274px;height:auto\" srcset=\"https:\/\/mlkfqxokypq4.i.optimole.com\/w:1024\/h:261\/q:mauto\/f:best\/https:\/\/freschi.fr\/wp-content\/uploads\/2024\/12\/Prise-RV-Chalo.jpg 1024w, https:\/\/mlkfqxokypq4.i.optimole.com\/w:300\/h:77\/q:mauto\/f:best\/https:\/\/freschi.fr\/wp-content\/uploads\/2024\/12\/Prise-RV-Chalo.jpg 300w, https:\/\/mlkfqxokypq4.i.optimole.com\/w:768\/h:196\/q:mauto\/f:best\/https:\/\/freschi.fr\/wp-content\/uploads\/2024\/12\/Prise-RV-Chalo.jpg 768w, https:\/\/mlkfqxokypq4.i.optimole.com\/w:1074\/h:274\/q:mauto\/f:best\/https:\/\/freschi.fr\/wp-content\/uploads\/2024\/12\/Prise-RV-Chalo.jpg 1074w\" sizes=\"(max-width: 1024px) 100vw, 1024px\" \/><\/a><\/figure>\n\n\n\n<p>L\u2019hypnose est simplement un \u00e9tat de d\u00e9tente et de grande focalisation de l\u2019esprit, une hyper concentration. Ainsi, en \u00e9tat hypnotique, vous ne dormez pas, vous ne perdez pas conscience.<\/p>\n\n\n\n<p>En \u00e9tat l\u00e9ger d\u2019hypnose, vous pouvez avoir l\u2019impression que vous \u00eates bien \u00e9veill\u00e9(e), alerte comme maintenant, sauf que les yeux sont ferm\u00e9s. C\u2019est pourtant un \u00e9tat hypnotique.<\/p>\n\n\n\n<p>En \u00e9tat profond d\u2019hypnose, vous \u00eates \u00e0 la limite du sommeil, mais vous ne dormez pas. Car, lorsque vous dormez, c\u2019est le sommeil et non l\u2019hypnose. L\u2019\u00e9tat hypnotique est pr\u00e9cis\u00e9ment cette zone interm\u00e9diaire entre veille et sommeil.<\/p>\n\n\n\n<p>Pendant la s\u00e9ance d\u2019hypnose, vous serez pleinement conscient(e) de ce qui se passe. Vous entendrez clairement ma voix et aussi les bruits environnants. Vous vous sentirez indiff\u00e9rent(e) aux bruits ext\u00e9rieurs parce que votre esprit sera concentr\u00e9 sur ce que je vous dis. Apr\u00e8s le r\u00e9veil, vous vous rappellerez de tout ce qui s\u2019est pass\u00e9 pendant la s\u00e9ance.<\/p>\n\n\n\n<p>C\u2019est avant tout une exp\u00e9rience agr\u00e9able. En \u00e9tat d\u2019hypnose, le corps est d\u00e9tendu, l\u2019esprit est calme et vous prenez plaisir \u00e0 ce bien-\u00eatre physique, mental et \u00e9motionnel.<\/p>\n\n\n\n<figure class=\"wp-block-image size-full\"><img data-opt-id=212849596  fetchpriority=\"high\" decoding=\"async\" width=\"212\" height=\"141\" src=\"https:\/\/mlkfqxokypq4.i.optimole.com\/w:auto\/h:auto\/q:mauto\/f:best\/https:\/\/freschi.fr\/wp-content\/uploads\/2023\/08\/papillon_changement.jpg\" alt=\"\" class=\"wp-image-32\"\/><\/figure>\n\n\n\n<p>L\u2019hypnoth\u00e9rapie consiste \u00e0 utiliser l\u2019\u00e9tat hypnotique dans le cadre d\u2019une psychoth\u00e9rapie br\u00e8ve.<\/p>\n\n\n\n<p>On entend par th\u00e9rapie br\u00e8ve une dur\u00e9e de traitement plus courte (inf\u00e9rieur \u00e0 deux ans) que lors de psychoth\u00e9rapies classiques. Toutefois et a contrario de certaines formes de th\u00e9rapies br\u00e8ves nous nous attacherons \u00e0 traiter la causes du sympt\u00f4me du patient. En effet, traiter uniquement le sympt\u00f4me ne fait que le d\u00e9placer. La m\u00e9thode employ\u00e9e et d\u00e9finie par l\u2019hypnoth\u00e9rapie int\u00e9grative\u00ae ci-dessous oriente le traitement th\u00e9rapeutique des cause des manifestations symptomatique, que ce soit des somatisation, des comportements r\u00e9p\u00e9titifs ou tout autres&nbsp;troubles \u00e9voqu\u00e9s lors de la demande de consultation.<\/p>\n\n\n\n<p>Voici une d\u00e9finition de l\u2019hypnose propos\u00e9e par Milton Erickson : \u00ab&nbsp;Rien de plus qu\u2019un \u00e9tat sp\u00e9cial d\u2019awareness conscient o\u00f9 un certain comportement choisi de la vie quotidienne se manifeste d\u2019une mani\u00e8re directe, g\u00e9n\u00e9ralement avec l\u2019aide d\u2019une autre personne. Il est possible de l\u2019induire par soi m\u00eame. L\u2019hypnose est un type de comportement sp\u00e9cial mais normal qui se produit quand l\u2019attention et les processus de pens\u00e9e sont dirig\u00e9s vers l\u2019ensemble des apprentissages acquis par les exp\u00e9riences de la vie.&nbsp;\u00bb<\/p>\n\n\n\n<p>L\u2019hypnose en soi ne constitue pas une psychoth\u00e9rapie. L\u2019hypnoth\u00e9rapie int\u00e9grative\u00ae est une forme de traitement o\u00f9 l\u2019\u00e9tat hypnotique est utilis\u00e9 dans le cadre d\u2019une psychoth\u00e9rapie de courte dur\u00e9e.<\/p>\n","protected":false},"excerpt":{"rendered":"<p>L\u2019hypnose est simplement un \u00e9tat de d\u00e9tente et de grande focalisation de l\u2019esprit, une hyper concentration. Ainsi, en \u00e9tat hypnotique, vous ne dormez pas, vous ne perdez pas conscience. En \u00e9tat l\u00e9ger d\u2019hypnose, vous pouvez avoir l\u2019impression que vous \u00eates bien \u00e9veill\u00e9(e), alerte comme maintenant, sauf que les yeux sont ferm\u00e9s. C\u2019est pourtant un \u00e9tat&hellip;&nbsp;<a href=\"https:\/\/freschi.fr\/?page_id=31\" rel=\"bookmark\">Lire la suite &raquo;<span class=\"screen-reader-text\">Psychoth\u00e9rapie individuelle<\/span><\/a><\/p>\n","protected":false},"author":1,"featured_media":0,"parent":0,"menu_order":0,"comment_status":"closed","ping_status":"closed","template":"","meta":{"om_disable_all_campaigns":false,"_monsterinsights_skip_tracking":false,"_monsterinsights_sitenote_active":false,"_monsterinsights_sitenote_note":"","_monsterinsights_sitenote_category":0,"neve_meta_sidebar":"","neve_meta_container":"","neve_meta_enable_content_width":"","neve_meta_content_width":0,"neve_meta_title_alignment":"","neve_meta_author_avatar":"","neve_post_elements_order":"","neve_meta_disable_header":"","neve_meta_disable_footer":"","neve_meta_disable_title":"","footnotes":""},"class_list":["post-31","page","type-page","status-publish","hentry"],"aioseo_notices":[],"_links":{"self":[{"href":"https:\/\/freschi.fr\/index.php?rest_route=\/wp\/v2\/pages\/31","targetHints":{"allow":["GET"]}}],"collection":[{"href":"https:\/\/freschi.fr\/index.php?rest_route=\/wp\/v2\/pages"}],"about":[{"href":"https:\/\/freschi.fr\/index.php?rest_route=\/wp\/v2\/types\/page"}],"author":[{"embeddable":true,"href":"https:\/\/freschi.fr\/index.php?rest_route=\/wp\/v2\/users\/1"}],"replies":[{"embeddable":true,"href":"https:\/\/freschi.fr\/index.php?rest_route=%2Fwp%2Fv2%2Fcomments&post=31"}],"version-history":[{"count":5,"href":"https:\/\/freschi.fr\/index.php?rest_route=\/wp\/v2\/pages\/31\/revisions"}],"predecessor-version":[{"id":284,"href":"https:\/\/freschi.fr\/index.php?rest_route=\/wp\/v2\/pages\/31\/revisions\/284"}],"wp:attachment":[{"href":"https:\/\/freschi.fr\/index.php?rest_route=%2Fwp%2Fv2%2Fmedia&parent=31"}],"curies":[{"name":"wp","href":"https:\/\/api.w.org\/{rel}","templated":true}]}}