{"id":67,"date":"2023-08-18T22:06:45","date_gmt":"2023-08-18T20:06:45","guid":{"rendered":"https:\/\/freschi.fr\/?page_id=67"},"modified":"2025-12-21T14:12:27","modified_gmt":"2025-12-21T13:12:27","slug":"therapie-familliale-systemique","status":"publish","type":"page","link":"https:\/\/freschi.fr\/?page_id=67","title":{"rendered":"Th\u00e9rapie familiale syst\u00e9mique"},"content":{"rendered":"\n<figure class=\"wp-block-image size-large is-resized\"><a href=\"https:\/\/rdv.terapiz.com\/hypnotherapeute\/chalo-saint-mars\/stephane-freschi\" target=\"_blank\" rel=\"noreferrer noopener\"><img data-opt-id=1585802662  fetchpriority=\"high\" decoding=\"async\" width=\"1024\" height=\"261\" src=\"https:\/\/mlkfqxokypq4.i.optimole.com\/w:1024\/h:261\/q:mauto\/f:best\/http:\/\/freschi.fr\/wp-content\/uploads\/2024\/12\/Prise-RV-Chalo.jpg\" alt=\"\" class=\"wp-image-257\" style=\"aspect-ratio:3.9233716475095783;width:269px;height:auto\" srcset=\"https:\/\/mlkfqxokypq4.i.optimole.com\/w:1024\/h:261\/q:mauto\/f:best\/https:\/\/freschi.fr\/wp-content\/uploads\/2024\/12\/Prise-RV-Chalo.jpg 1024w, https:\/\/mlkfqxokypq4.i.optimole.com\/w:300\/h:77\/q:mauto\/f:best\/https:\/\/freschi.fr\/wp-content\/uploads\/2024\/12\/Prise-RV-Chalo.jpg 300w, https:\/\/mlkfqxokypq4.i.optimole.com\/w:768\/h:196\/q:mauto\/f:best\/https:\/\/freschi.fr\/wp-content\/uploads\/2024\/12\/Prise-RV-Chalo.jpg 768w, https:\/\/mlkfqxokypq4.i.optimole.com\/w:1074\/h:274\/q:mauto\/f:best\/https:\/\/freschi.fr\/wp-content\/uploads\/2024\/12\/Prise-RV-Chalo.jpg 1074w\" sizes=\"(max-width: 1024px) 100vw, 1024px\" \/><\/a><\/figure>\n\n\n\n<p>Pourquoi faire appel \u00e0 cette d\u00e9marche ?<\/p>\n\n\n\n<p>La th\u00e9rapie syst\u00e9mique fait partie d&rsquo;une th\u00e9orie g\u00e9n\u00e9rale de la \u00ab syst\u00e9mique \u00bb qui consid\u00e8re l&rsquo;importance de l&rsquo;interaction des syst\u00e8mes entre eux.<\/p>\n\n\n\n<p>La th\u00e9rapie syst\u00e9mique d\u00e9rive ainsi directement des travaux de l&rsquo;\u00e9cole de Palo Alto et notamment de l&rsquo;antropologue Gr\u00e9gory Bateson : la personne est prise dans ses relations avec son environnement.<\/p>\n\n\n\n<p>Dans le cadre d&rsquo;une th\u00e9rapie, la syst\u00e9mique prendra donc en compte tous les syst\u00e8mes qui entrent en interaction avec le patient dans le champ de la probl\u00e9matique \u00e0 soigner.<\/p>\n\n\n\n<p>Par exemple, on pourra y trouver :<\/p>\n\n\n\n<p>les aspects&nbsp;<strong>personnels&nbsp;<\/strong>: psychologiques, \u00e9motionnels, comportementaux&#8230; ;<br>les aspects&nbsp;<strong>familiaux&nbsp;<\/strong>: \u00e9ducation, religion familiale, rapports entre les membres de la famille, secret familial&#8230; ;<br>les aspects&nbsp;<strong>sociaux\/professionnels&nbsp;<\/strong>: structure de travail, insertion dans la soci\u00e9t\u00e9, niveau de vie, fr\u00e9quentation de clubs ou groupes) ;<br>les aspects g\u00e9ographiques\/historiques : habitat, origines de la famille et v\u00e9cu&#8230;<\/p>\n\n\n\n<p>Dans les th\u00e9rapies familiales syst\u00e9miques, la famille est consid\u00e9r\u00e9e comme un \u00ab syst\u00e8me \u00bb, dont les interactions et les modes de communication peuvent dysfonctionner. La notion de syst\u00e8me renvoie \u00e0 quatre notions fondamentales, l&rsquo;interaction ou interrelation, la totalit\u00e9 ou globalit\u00e9, l&rsquo;organisation et la complexit\u00e9.<\/p>\n\n\n\n<p>Venir en aide et soutenir la personne qui va mal dans la famille, l\u2019accompagner vers un changement, c\u2019est aussi aider les autres membres de la famille \u00e0 accepter de red\u00e9finir leurs r\u00f4les et leurs fonctions. En bougeant l&rsquo;\u00e9l\u00e9ment d&rsquo;un ensemble, l&rsquo;ensemble va \u00e9galement bouger et se transformer. Ces \u00e9volutions de chacun sont n\u00e9cessaires si la famille (\u00ab le syst\u00e8me familial \u00bb) veut d\u00e9passer l\u2019\u00e9tat de crise qu\u2019elle traverse pour aller vers un \u00e9quilibre plus satisfaisant.<\/p>\n\n\n\n<p>Le r\u00f4le du th\u00e9rapeute familial n\u2019est pas de recr\u00e9er une famille \u00ab id\u00e9ale \u00bb mais de permettre \u00e0 chacun de red\u00e9finir sa place et son r\u00f4le.<\/p>\n\n\n\n<p>La th\u00e9rapie familiale syst\u00e9mique est une technique de psychoth\u00e9rapie, qui a pour but de favoriser les \u00e9changes entre les membres d\u2019une famille.<\/p>\n\n\n\n<p>La th\u00e9rapie doit permettre aux membres d\u2019une famille :<\/p>\n\n\n\n<p>d\u2019\u00e9voluer ensemble vers un fonctionnement plus souple de d\u00e9passer une situation de crise<br>d\u2019autoriser l\u2019\u00e9volution individuelle de chacun des membres de trouver de nouveaux \u00e9quilibres.<\/p>\n\n\n\n<p>Cette \u00e9volution tient compte des \u00e9v\u00e9nements et de l\u2019histoire de la vie du groupe. Au cours des s\u00e9ances, le dialogue des membres de la famille entre eux et avec le th\u00e9rapeute aide \u00e0 comprendre et \u00e0 r\u00e9soudre les probl\u00e8mes ou di\u00a0\u00bbcult\u00e9s rencontr\u00e9s par la famille.<\/p>\n\n\n\n<p>D\u00e9roulement d\u2019une th\u00e9rapie familiale syst\u00e9mique<\/p>\n\n\n\n<p>Chaque s\u00e9ance est anim\u00e9e sera enregistr\u00e9e en audio avec l&rsquo;accord des participants. Les premiers entretiens sont importants car ils permettent de d\u00e9finir un engagement mutuel et des objectifs entre la famille et le th\u00e9rapeute.<\/p>\n\n\n\n<p>Dur\u00e9e de la th\u00e9rapie ?<\/p>\n\n\n\n<p>Cette dur\u00e9e est \u00e9videmment variable et la r\u00e9ponse viendra lors de la disparition des sympt\u00f4mes et de la stabilit\u00e9 du syst\u00e8me familiale en question.<\/p>\n","protected":false},"excerpt":{"rendered":"<p>Pourquoi faire appel \u00e0 cette d\u00e9marche ? La th\u00e9rapie syst\u00e9mique fait partie d&rsquo;une th\u00e9orie g\u00e9n\u00e9rale de la \u00ab syst\u00e9mique \u00bb qui consid\u00e8re l&rsquo;importance de l&rsquo;interaction des syst\u00e8mes entre eux. La th\u00e9rapie syst\u00e9mique d\u00e9rive ainsi directement des travaux de l&rsquo;\u00e9cole de Palo Alto et notamment de l&rsquo;antropologue Gr\u00e9gory Bateson : la personne est prise dans ses&hellip;&nbsp;<a href=\"https:\/\/freschi.fr\/?page_id=67\" rel=\"bookmark\">Lire la suite &raquo;<span class=\"screen-reader-text\">Th\u00e9rapie familiale syst\u00e9mique<\/span><\/a><\/p>\n","protected":false},"author":1,"featured_media":0,"parent":0,"menu_order":0,"comment_status":"closed","ping_status":"closed","template":"","meta":{"om_disable_all_campaigns":false,"_monsterinsights_skip_tracking":false,"_monsterinsights_sitenote_active":false,"_monsterinsights_sitenote_note":"","_monsterinsights_sitenote_category":0,"neve_meta_sidebar":"","neve_meta_container":"","neve_meta_enable_content_width":"","neve_meta_content_width":0,"neve_meta_title_alignment":"","neve_meta_author_avatar":"","neve_post_elements_order":"","neve_meta_disable_header":"","neve_meta_disable_footer":"","neve_meta_disable_title":"","footnotes":""},"class_list":["post-67","page","type-page","status-publish","hentry"],"aioseo_notices":[],"_links":{"self":[{"href":"https:\/\/freschi.fr\/index.php?rest_route=\/wp\/v2\/pages\/67","targetHints":{"allow":["GET"]}}],"collection":[{"href":"https:\/\/freschi.fr\/index.php?rest_route=\/wp\/v2\/pages"}],"about":[{"href":"https:\/\/freschi.fr\/index.php?rest_route=\/wp\/v2\/types\/page"}],"author":[{"embeddable":true,"href":"https:\/\/freschi.fr\/index.php?rest_route=\/wp\/v2\/users\/1"}],"replies":[{"embeddable":true,"href":"https:\/\/freschi.fr\/index.php?rest_route=%2Fwp%2Fv2%2Fcomments&post=67"}],"version-history":[{"count":7,"href":"https:\/\/freschi.fr\/index.php?rest_route=\/wp\/v2\/pages\/67\/revisions"}],"predecessor-version":[{"id":285,"href":"https:\/\/freschi.fr\/index.php?rest_route=\/wp\/v2\/pages\/67\/revisions\/285"}],"wp:attachment":[{"href":"https:\/\/freschi.fr\/index.php?rest_route=%2Fwp%2Fv2%2Fmedia&parent=67"}],"curies":[{"name":"wp","href":"https:\/\/api.w.org\/{rel}","templated":true}]}}